{"id":3211,"date":"2022-04-12T10:50:57","date_gmt":"2022-04-12T10:50:57","guid":{"rendered":"https:\/\/maspapelpiedras.com\/?page_id=3211"},"modified":"2022-04-22T11:11:33","modified_gmt":"2022-04-22T11:11:33","slug":"diseno-web","status":"publish","type":"page","link":"https:\/\/maspapelpiedras.com\/index.php\/diseno-web\/","title":{"rendered":"Dise\u00f1o Web"},"content":{"rendered":"<p>[et_pb_section fb_built=\u00bb1&#8243; fullwidth=\u00bbon\u00bb admin_label=\u00bbHeader Section\u00bb _builder_version=\u00bb4.16&#8243; background_color=\u00bb#000000&#8243; custom_padding=\u00bb|||\u00bb locked=\u00bboff\u00bb global_colors_info=\u00bb{}\u00bb][et_pb_fullwidth_header title=\u00bbdise\u00f1o web\u00bb text_orientation=\u00bbcenter\u00bb background_overlay_color=\u00bbrgba(0,0,0,0.4)\u00bb content_max_width_last_edited=\u00bboff|desktop\u00bb admin_label=\u00bbContents\u00bb _builder_version=\u00bb4.16.0&#8243; title_font=\u00bbCursive_standard|500|||||||\u00bb title_text_align=\u00bbcenter\u00bb title_font_size=\u00bb87px\u00bb title_letter_spacing=\u00bb0.05em\u00bb title_line_height=\u00bb1.5em\u00bb subhead_font=\u00bbNunito|600|||||||\u00bb subhead_font_size=\u00bb20px\u00bb subhead_line_height=\u00bb1.9em\u00bb background_color=\u00bbrgba(255, 255, 255, 0)\u00bb background_image=\u00bbhttps:\/\/maspapelpiedras.com\/wp-content\/uploads\/2022\/04\/disenoweb-scaled-e1649761369633.jpg\u00bb parallax=\u00bbon\u00bb parallax_method=\u00bbon\u00bb custom_button_one=\u00bbon\u00bb button_one_text_size=\u00bb15px\u00bb button_one_bg_color=\u00bb#dca57d\u00bb button_one_border_width=\u00bb10px\u00bb button_one_border_color=\u00bb#dca57d\u00bb button_one_border_radius=\u00bb0px\u00bb button_one_letter_spacing=\u00bb3px\u00bb button_one_font=\u00bbOswald|||on|\u00bb button_one_use_icon=\u00bboff\u00bb custom_margin=\u00bb|||\u00bb custom_padding=\u00bb5%||5%|\u00bb animation_style=\u00bbfade\u00bb animation_starting_opacity=\u00bb50%\u00bb animation_speed_curve=\u00bbease-in\u00bb title_font_size_tablet=\u00bb60px\u00bb title_font_size_phone=\u00bb40px\u00bb title_font_size_last_edited=\u00bbon|phone\u00bb button_one_border_color_hover=\u00bb#c99872&#8243; button_one_border_radius_hover=\u00bb0px\u00bb button_one_letter_spacing_hover=\u00bb3px\u00bb button_one_bg_color_hover=\u00bb#c99872&#8243; global_colors_info=\u00bb{}\u00bb button_one_text_size__hover_enabled=\u00bboff\u00bb button_two_text_size__hover_enabled=\u00bboff\u00bb button_one_text_color__hover_enabled=\u00bboff\u00bb button_two_text_color__hover_enabled=\u00bboff\u00bb button_one_border_width__hover_enabled=\u00bboff\u00bb button_two_border_width__hover_enabled=\u00bboff\u00bb button_one_border_color__hover_enabled=\u00bbon\u00bb button_one_border_color__hover=\u00bb#c99872&#8243; button_two_border_color__hover_enabled=\u00bboff\u00bb button_one_border_radius__hover_enabled=\u00bbon\u00bb button_one_border_radius__hover=\u00bb0px\u00bb button_two_border_radius__hover_enabled=\u00bboff\u00bb button_one_letter_spacing__hover_enabled=\u00bbon\u00bb button_one_letter_spacing__hover=\u00bb3px\u00bb button_two_letter_spacing__hover_enabled=\u00bboff\u00bb button_one_bg_color__hover_enabled=\u00bbon\u00bb button_one_bg_color__hover=\u00bb#c99872&#8243; button_two_bg_color__hover_enabled=\u00bboff\u00bb][\/et_pb_fullwidth_header][\/et_pb_section][et_pb_section fb_built=\u00bb1&#8243; _builder_version=\u00bb4.16&#8243; background_color=\u00bb#f8fbfe\u00bb custom_padding=\u00bb||100px|\u00bb global_colors_info=\u00bb{}\u00bb][et_pb_row column_structure=\u00bb1_2,1_2&#8243; admin_label=\u00bbRight Sided Image\u00bb _builder_version=\u00bb4.16&#8243; custom_padding=\u00bb60px|0px|60px|0px\u00bb global_colors_info=\u00bb{}\u00bb][et_pb_column type=\u00bb1_2&#8243; _builder_version=\u00bb4.16&#8243; custom_padding=\u00bb|||\u00bb global_colors_info=\u00bb{}\u00bb custom_padding__hover=\u00bb|||\u00bb][et_pb_text _builder_version=\u00bb4.16&#8243; text_font=\u00bbNunito Sans||||||||\u00bb text_text_color=\u00bb#959baf\u00bb text_font_size=\u00bb18px\u00bb text_line_height=\u00bb1.8em\u00bb header_font=\u00bb||||||||\u00bb header_text_align=\u00bbleft\u00bb header_text_color=\u00bb#535b7c\u00bb header_font_size=\u00bb32px\u00bb header_line_height=\u00bb1.4em\u00bb header_2_font=\u00bbNunito Sans|700|||||||\u00bb header_2_text_color=\u00bb#535b7c\u00bb header_2_font_size=\u00bb35px\u00bb header_2_line_height=\u00bb1.3em\u00bb max_width=\u00bb700px\u00bb module_alignment=\u00bbcenter\u00bb global_colors_info=\u00bb{}\u00bb]<\/p>\n<h2>PREPARAMOS<\/h2>\n<p><span>Nos acercamos al cliente para conocer su negocio y definir sus necesidades y el objetivo de su proyecto, recabando toda la informaci\u00f3n necesaria para iniciar nuestro trabajo personalizado, que ser\u00e1 el escapare digital de su empresa para ganar visibilidad.<\/span><\/p>\n<p>[\/et_pb_text][\/et_pb_column][et_pb_column type=\u00bb1_2&#8243; _builder_version=\u00bb4.16&#8243; custom_padding=\u00bb|||\u00bb global_colors_info=\u00bb{}\u00bb custom_padding__hover=\u00bb|||\u00bb][et_pb_image src=\u00bbhttps:\/\/maspapelpiedras.com\/wp-content\/uploads\/2022\/02\/img-5.png\u00bb align_tablet=\u00bbcenter\u00bb align_phone=\u00bbcenter\u00bb align_last_edited=\u00bbon|desktop\u00bb _builder_version=\u00bb4.16&#8243; animation_style=\u00bbzoom\u00bb animation_direction=\u00bbleft\u00bb animation_intensity_zoom=\u00bb5%\u00bb border_radii=\u00bbon|10px|10px|10px|10px\u00bb border_width_all=\u00bb1px\u00bb border_color_all=\u00bbrgba(51,51,51,0.1)\u00bb box_shadow_style=\u00bbpreset1&#8243; box_shadow_vertical=\u00bb10px\u00bb box_shadow_blur=\u00bb30px\u00bb box_shadow_color=\u00bbrgba(34,56,101,0.09)\u00bb global_colors_info=\u00bb{}\u00bb][\/et_pb_image][\/et_pb_column][\/et_pb_row][et_pb_row column_structure=\u00bb1_2,1_2&#8243; admin_label=\u00bbLeft Sided Image\u00bb _builder_version=\u00bb4.16&#8243; custom_padding=\u00bb60px|0px|60px|0px\u00bb global_colors_info=\u00bb{}\u00bb][et_pb_column type=\u00bb1_2&#8243; _builder_version=\u00bb4.16&#8243; custom_padding=\u00bb|||\u00bb global_colors_info=\u00bb{}\u00bb custom_padding__hover=\u00bb|||\u00bb][et_pb_image src=\u00bbhttps:\/\/maspapelpiedras.com\/wp-content\/uploads\/2022\/02\/img-4-1.png\u00bb align_tablet=\u00bbcenter\u00bb align_phone=\u00bbcenter\u00bb align_last_edited=\u00bbon|desktop\u00bb _builder_version=\u00bb4.16&#8243; animation_style=\u00bbzoom\u00bb animation_direction=\u00bbright\u00bb animation_intensity_zoom=\u00bb5%\u00bb border_radii=\u00bbon|10px|10px|10px|10px\u00bb border_width_all=\u00bb1px\u00bb border_color_all=\u00bbrgba(51,51,51,0.1)\u00bb box_shadow_style=\u00bbpreset1&#8243; box_shadow_vertical=\u00bb10px\u00bb box_shadow_blur=\u00bb30px\u00bb box_shadow_color=\u00bbrgba(34,56,101,0.09)\u00bb global_colors_info=\u00bb{}\u00bb][\/et_pb_image][\/et_pb_column][et_pb_column type=\u00bb1_2&#8243; _builder_version=\u00bb4.16&#8243; custom_padding=\u00bb|||\u00bb global_colors_info=\u00bb{}\u00bb custom_padding__hover=\u00bb|||\u00bb][et_pb_text _builder_version=\u00bb4.16&#8243; text_font=\u00bbNunito Sans||||||||\u00bb text_text_color=\u00bb#959baf\u00bb text_font_size=\u00bb18px\u00bb text_line_height=\u00bb1.8em\u00bb header_font=\u00bb||||||||\u00bb header_text_align=\u00bbleft\u00bb header_text_color=\u00bb#535b7c\u00bb header_font_size=\u00bb45px\u00bb header_line_height=\u00bb1.4em\u00bb header_2_font=\u00bbNunito Sans|700|||||||\u00bb header_2_text_color=\u00bb#535b7c\u00bb header_2_font_size=\u00bb35px\u00bb header_2_line_height=\u00bb1.3em\u00bb max_width=\u00bb700px\u00bb module_alignment=\u00bbcenter\u00bb global_colors_info=\u00bb{}\u00bb]<\/p>\n<h2>DISE\u00d1AMOS<\/h2>\n<p>Ejecutamos las acciones planteadas, nuestro trabajo flexible y personalizado, consistir\u00e1 en elaborar una p\u00e1gina web a la medida de cada cliente, con el objetivo de darse a concoer y optimizar su negocio. Nos involucramos totalmente en cada proyecto con una relaci\u00f3n cercana al cliente.<\/p>\n<p>[\/et_pb_text][\/et_pb_column][\/et_pb_row][et_pb_row column_structure=\u00bb1_2,1_2&#8243; admin_label=\u00bbRight Sided Image\u00bb _builder_version=\u00bb4.16&#8243; custom_padding=\u00bb60px|0px|60px|0px\u00bb global_colors_info=\u00bb{}\u00bb][et_pb_column type=\u00bb1_2&#8243; _builder_version=\u00bb4.16&#8243; custom_padding=\u00bb|||\u00bb global_colors_info=\u00bb{}\u00bb custom_padding__hover=\u00bb|||\u00bb][et_pb_text _builder_version=\u00bb4.16&#8243; text_font=\u00bbNunito Sans||||||||\u00bb text_text_color=\u00bb#959baf\u00bb text_font_size=\u00bb18px\u00bb text_line_height=\u00bb1.8em\u00bb header_font=\u00bb||||||||\u00bb header_text_align=\u00bbleft\u00bb header_text_color=\u00bb#535b7c\u00bb header_font_size=\u00bb45px\u00bb header_line_height=\u00bb1.4em\u00bb header_2_font=\u00bbNunito Sans|700|||||||\u00bb header_2_text_color=\u00bb#535b7c\u00bb header_2_font_size=\u00bb35px\u00bb header_2_line_height=\u00bb1.3em\u00bb max_width=\u00bb700px\u00bb module_alignment=\u00bbcenter\u00bb global_colors_info=\u00bb{}\u00bb]<\/p>\n<h2>PUBLICAMOS<\/h2>\n<div class=\"et_pb_module et_pb_text et_pb_text_4  et_pb_text_align_left et_pb_bg_layout_light\">\n<div class=\"et_pb_text_inner\">\n<p>Finalizado el dise\u00f1o de la p\u00e1gina web y cuando el cliente est\u00e9 totalmente satisfecho, llega el momento de sacar a la luz nuestro proyecto conjunto con un buen posicionamiento en buscadores y lanzar su p\u00e1gina web al mejor precio.<\/p>\n<\/div>\n<\/div>\n<p>[\/et_pb_text][et_pb_button button_url=\u00bbhttps:\/\/dispaweb.com\/solicite-presupuesto\/\u00bb button_text=\u00bbSOLICITA PRESUPUESTO\u00bb _builder_version=\u00bb4.16.0&#8243; custom_button=\u00bbon\u00bb button_text_size=\u00bb13px\u00bb button_text_color=\u00bb#ffffff\u00bb button_bg_use_color_gradient=\u00bbon\u00bb button_bg_color_gradient_start=\u00bb#3D72E7&#8243; button_bg_color_gradient_end=\u00bb#53a0fe\u00bb button_bg_color_gradient_direction=\u00bb243deg\u00bb button_border_width=\u00bb0px\u00bb button_border_radius=\u00bb26px\u00bb button_letter_spacing=\u00bb1px\u00bb button_font=\u00bbNunito Sans|800||on|||||\u00bb button_use_icon=\u00bboff\u00bb custom_margin=\u00bb30px|||\u00bb custom_padding=\u00bb15px|30px|15px|30px\u00bb button_text_color_hover=\u00bb#ffffff\u00bb button_border_radius_hover=\u00bb26px\u00bb button_letter_spacing_hover=\u00bb1px\u00bb global_colors_info=\u00bb{}\u00bb button_text_size__hover_enabled=\u00bboff\u00bb button_one_text_size__hover_enabled=\u00bboff\u00bb button_two_text_size__hover_enabled=\u00bboff\u00bb button_text_color__hover_enabled=\u00bbon\u00bb button_text_color__hover=\u00bb#ffffff\u00bb button_one_text_color__hover_enabled=\u00bboff\u00bb button_two_text_color__hover_enabled=\u00bboff\u00bb button_border_width__hover_enabled=\u00bboff\u00bb button_one_border_width__hover_enabled=\u00bboff\u00bb button_two_border_width__hover_enabled=\u00bboff\u00bb button_border_color__hover_enabled=\u00bboff\u00bb button_one_border_color__hover_enabled=\u00bboff\u00bb button_two_border_color__hover_enabled=\u00bboff\u00bb button_border_radius__hover_enabled=\u00bbon\u00bb button_border_radius__hover=\u00bb26px\u00bb button_one_border_radius__hover_enabled=\u00bboff\u00bb button_two_border_radius__hover_enabled=\u00bboff\u00bb button_letter_spacing__hover_enabled=\u00bbon\u00bb button_letter_spacing__hover=\u00bb1px\u00bb button_one_letter_spacing__hover_enabled=\u00bboff\u00bb button_two_letter_spacing__hover_enabled=\u00bboff\u00bb button_bg_color__hover_enabled=\u00bboff\u00bb button_one_bg_color__hover_enabled=\u00bboff\u00bb button_two_bg_color__hover_enabled=\u00bboff\u00bb][\/et_pb_button][\/et_pb_column][et_pb_column type=\u00bb1_2&#8243; _builder_version=\u00bb4.16&#8243; custom_padding=\u00bb|||\u00bb global_colors_info=\u00bb{}\u00bb custom_padding__hover=\u00bb|||\u00bb][et_pb_image src=\u00bbhttps:\/\/maspapelpiedras.com\/wp-content\/uploads\/2022\/02\/img-6-1.png\u00bb align_tablet=\u00bbcenter\u00bb align_phone=\u00bbcenter\u00bb align_last_edited=\u00bbon|desktop\u00bb _builder_version=\u00bb4.16&#8243; animation_style=\u00bbzoom\u00bb animation_direction=\u00bbleft\u00bb animation_intensity_zoom=\u00bb5%\u00bb border_radii=\u00bbon|10px|10px|10px|10px\u00bb border_width_all=\u00bb1px\u00bb border_color_all=\u00bbrgba(51,51,51,0.1)\u00bb box_shadow_style=\u00bbpreset1&#8243; box_shadow_vertical=\u00bb10px\u00bb box_shadow_blur=\u00bb30px\u00bb box_shadow_color=\u00bbrgba(34,56,101,0.09)\u00bb global_colors_info=\u00bb{}\u00bb][\/et_pb_image][\/et_pb_column][\/et_pb_row][\/et_pb_section]<\/p>\n","protected":false},"excerpt":{"rendered":"<p>PREPARAMOS Nos acercamos al cliente para conocer su negocio y definir sus necesidades y el objetivo de su proyecto, recabando toda la informaci\u00f3n necesaria para iniciar nuestro trabajo personalizado, que ser\u00e1 el escapare digital de su empresa para ganar visibilidad.DISE\u00d1AMOS Ejecutamos las acciones planteadas, nuestro trabajo flexible y personalizado, consistir\u00e1 en elaborar una p\u00e1gina web [&hellip;]<\/p>\n","protected":false},"author":1,"featured_media":0,"parent":0,"menu_order":0,"comment_status":"closed","ping_status":"closed","template":"","meta":{"_et_pb_use_builder":"on","_et_pb_old_content":"<!-- wp:divi\/placeholder \/-->","_et_gb_content_width":"","_joinchat":[],"footnotes":""},"class_list":["post-3211","page","type-page","status-publish","hentry"],"_links":{"self":[{"href":"https:\/\/maspapelpiedras.com\/index.php\/wp-json\/wp\/v2\/pages\/3211","targetHints":{"allow":["GET"]}}],"collection":[{"href":"https:\/\/maspapelpiedras.com\/index.php\/wp-json\/wp\/v2\/pages"}],"about":[{"href":"https:\/\/maspapelpiedras.com\/index.php\/wp-json\/wp\/v2\/types\/page"}],"author":[{"embeddable":true,"href":"https:\/\/maspapelpiedras.com\/index.php\/wp-json\/wp\/v2\/users\/1"}],"replies":[{"embeddable":true,"href":"https:\/\/maspapelpiedras.com\/index.php\/wp-json\/wp\/v2\/comments?post=3211"}],"version-history":[{"count":6,"href":"https:\/\/maspapelpiedras.com\/index.php\/wp-json\/wp\/v2\/pages\/3211\/revisions"}],"predecessor-version":[{"id":3224,"href":"https:\/\/maspapelpiedras.com\/index.php\/wp-json\/wp\/v2\/pages\/3211\/revisions\/3224"}],"wp:attachment":[{"href":"https:\/\/maspapelpiedras.com\/index.php\/wp-json\/wp\/v2\/media?parent=3211"}],"curies":[{"name":"wp","href":"https:\/\/api.w.org\/{rel}","templated":true}]}}