{"id":16,"date":"2022-01-31T13:05:57","date_gmt":"2022-01-31T13:05:57","guid":{"rendered":"https:\/\/maspapelpiedras.com\/?page_id=16"},"modified":"2022-03-14T17:37:18","modified_gmt":"2022-03-14T17:37:18","slug":"aviso-legal","status":"publish","type":"page","link":"https:\/\/maspapelpiedras.com\/index.php\/aviso-legal\/","title":{"rendered":"Aviso Legal"},"content":{"rendered":"<p>[et_pb_section fb_built=\u00bb1&#8243; _builder_version=\u00bb4.14.7&#8243; _module_preset=\u00bbdefault\u00bb background_color=\u00bb#f7f7f7&#8243; global_colors_info=\u00bb{}\u00bb][et_pb_row _builder_version=\u00bb4.14.7&#8243; _module_preset=\u00bbdefault\u00bb global_colors_info=\u00bb{}\u00bb][et_pb_column type=\u00bb4_4&#8243; _builder_version=\u00bb4.14.7&#8243; _module_preset=\u00bbdefault\u00bb global_colors_info=\u00bb{}\u00bb][et_pb_text _builder_version=\u00bb4.14.7&#8243; _module_preset=\u00bbdefault\u00bb global_colors_info=\u00bb{}\u00bb]<\/p>\n<p style=\"text-align: justify;\"><span style=\"font-size: xx-large;\"><strong>AVISO LEGAL<\/strong><\/span><\/p>\n<p style=\"text-align: justify;\">\n<p style=\"text-align: justify;\">\n<p style=\"text-align: justify;\">Le damos la bienvenida a la p\u00e1gina web de MASPAPEL Mediante el presente aviso y en cumplimiento con el deber de informaci\u00f3n recogido en el art\u00edculo 10 de la Ley 34\/2002, de Servicios de la Sociedad de la Informaci\u00f3n y Comercio Electr\u00f3nico<br \/>(LSSICE) se informa a continuaci\u00f3n de su pol\u00edtica de privacidad y de los datos identificativos de la empresa a los usuarios del presente sitio web.<\/p>\n<p style=\"text-align: justify;\"><strong>1. IDENTIFICACI\u00d3N<\/strong><\/p>\n<p style=\"text-align: justify;\">Denominaci\u00f3n social es:<\/p>\n<ul>\n<li>MASPAPEL<\/li>\n<li>NIF: 71.878.290R<\/li>\n<li>Domicilio social est\u00e1 en: C\/ Jos\u00e9 Fernand\u00edn, 19, C.P. 33450 Piedras Blancas, Asturias<\/li>\n<\/ul>\n<p style=\"text-align: justify;\">Para comunicarse con nosotros, ponemos a su disposici\u00f3n diferentes medios de contacto que detallamos a continuaci\u00f3n:<\/p>\n<ul>\n<li style=\"text-align: justify;\">Tfno: 950 530 044<\/li>\n<li style=\"text-align: justify;\">Email: <a href=\"mailto:maspapel@outlook.es\">maspapel@outlook.es<\/a><\/li>\n<li style=\"text-align: justify;\">Web:\u00a0www.maspapelpiedras.com<\/li>\n<\/ul>\n<p>Todas las notificaciones y comunicaciones entre los usuarios y el PROPIETARIO DE LA WEB se considerar\u00e1n eficaces, a todos los efectos, cuando se realicen a trav\u00e9s de cualquier medio de los detallados anteriormente.<\/p>\n<p><strong>2. CONDICIONES DE USO.<\/strong><\/p>\n<p>2.1. El acceso y uso de la p\u00e1gina Web y todos los subdominios y directorios incluidos bajo la misma (en adelante conjuntamente denominados como Web) est\u00e1n sujetos a los t\u00e9rminos que se detallan en el presente Aviso Legal.<\/p>\n<p>2.2. La finalidad de la Web es informarles de nuestros servicios.<\/p>\n<p>2.3. A efectos del presente aviso legal se entiende por Web, la informaci\u00f3n visualizada y\/o transmitida (incluyendo, a t\u00edtulo meramente enunciativo, textos, comentarios, noticias de prensa, clips musicales, sonidos, clips de im\u00e1genes, im\u00e1genes, bases<br \/>de datos, productos multimedia, fotograf\u00edas, interpretaciones o ejecuciones art\u00edsticas, producciones, y en general, aquellas otras creaciones o contenidos expresadas por cualquier medio y\/o soporte tangible o intangible, actualmente conocido o que<br \/>se invente en el futuro, objeto o no, de protecci\u00f3n por el ordenamiento jur\u00eddico vigente en materia de propiedad intelectual, industrial o derechos an\u00e1logos \u2013 colectivamente consideradas como el \u201cContenido\u201d) que, por su selecci\u00f3n o disposici\u00f3n,<br \/>constituye una creaci\u00f3n intelectual protegible de conformidad con el art\u00edculo 12 del Texto Refundido de la Ley de Propiedad Intelectual.<\/p>\n<p>2.4. Cualquier entrada, uso o navegaci\u00f3n de la presente Web o de sus contenidos implicar\u00e1 la aceptaci\u00f3n de las presentes condiciones de uso. MASPAPEL podr\u00e1 modificar en cualquier momento las presentes condiciones de uso y podr\u00e1 modificar<br \/>esta p\u00e1gina web y sus contenidos en cualquier momento sin necesidad de preaviso y la actualizar\u00e1 regularmente.<\/p>\n<p>2.5. El usuario acepta de forma expresa y sin excepciones que el acceso y la utilizaci\u00f3n del presente Web y de los Contenidos del mismo se hace bajo su \u00fanica y exclusiva responsabilidad frente a MASPAPEL y cualquier tercero.<\/p>\n<p>2.6. El acceso a esta Web tiene car\u00e1cter libre y gratuito y su visualizaci\u00f3n y uso no requiere previa suscripci\u00f3n, registro o contrataci\u00f3n de servicio alguno.<\/p>\n<p>2.7. El Usuario se obliga a usar la Web de forma diligente y correcta. Asimismo, el Usuario se compromete a no utilizarla: para la realizaci\u00f3n de actividades contrarias a la ley, a la moral, a las buenas costumbres aceptadas o al orden p\u00fablico establecido<br \/>y con fines o efectos il\u00edcitos, prohibidos o lesivos de derechos e intereses de terceros, declinando MASPAPEL cualquier responsabilidad que de todo lo anterior se pudiera derivar.<\/p>\n<p>2.8. MASPAPEL no se hace responsable de las opiniones expresadas por terceros a trav\u00e9s de las herramientas que a tal efecto dispone o disponga en el futuro en su Web, ni se hace responsable del Contenido de los sitios web enlazados a<br \/>trav\u00e9s de dichas herramientas.<\/p>\n<p>2.9. MASPAPEL velar\u00e1 para que los contenidos de este Web no tengan car\u00e1cter pornogr\u00e1fico, xen\u00f3fobo, discriminatorio, racista o que no fomenten la violencia.<\/p>\n<p>2.10. Queda prohibida la alteraci\u00f3n de esta web por parte del usuario en todo lo que pueda afectar a su contenido, tales como v\u00ednculos, links o similares.<\/p>\n<p>2.11. El Usuario reconoce que MASPAPEL no cede ni transfiere al Usuario ning\u00fan derecho sobre la Web o el Contenido as\u00ed como sobre las Marcas Registradas que aparezcan en el mismo, incluyendo, cualesquiera propiedades de terceras partes.<br \/>MASPAPEL s\u00f3lo autoriza al Usuario el acceso y uso de los mismos de conformidad con los t\u00e9rminos indicados en este aviso legal. En concreto, MASPAPEL autoriza a los Usuarios a acceder y navegar en la Web y a acceder a los<br \/>Contenidos que en la misma se incorporen.<\/p>\n<p>2.12. Los Usuarios no estar\u00e1n autorizados para copiar, distribuir (incluyendo correos electr\u00f3nicos e Internet), transmitir, comunicar, modificar, alterar, transformar, ceder o, en cualquier otra forma desplegar actividades que conlleven el uso comercial<br \/>o il\u00edcito de la Web o de los Contenidos o elementos que lo integran, ya sea con car\u00e1cter parcial o total.<\/p>\n<p>2.13. La informaci\u00f3n que se difunde por este medio se hace \u00fanicamente a t\u00edtulo informativo, reserv\u00e1ndose MASPAPEL el derecho de eliminar o suspender su difusi\u00f3n, de manera total o parcial, y de modificar la estructura y contenido del<br \/>portal sin aviso previo, pudiendo incluso limitar o no permitir el acceso a dicha informaci\u00f3n. El objetivo es mantener la calidad y actualizaci\u00f3n de esta informaci\u00f3n y evitar y minimizar posibles errores causados por fallos t\u00e9cnicos. No obstante,<br \/>MASPAPEL no garantiza que el acceso no pueda ser interrumpido o afectado por esos fallos. MASPAPEL se reserva la facultad de efectuar, en cualquier momento y sin necesidad de previo aviso, modificaciones y actualizaciones<br \/>la informaci\u00f3n contenida en este sitio web o en la configuraci\u00f3n y presentaci\u00f3n del mismo.<\/p>\n<p style=\"text-align: justify;\"><strong>3. ENLACES<\/strong><\/p>\n<p style=\"text-align: justify;\">3.1. La presente Web puede contener v\u00ednculos o enlaces con otros portales o sitios web no gestionados por MASPAPEL y manifiesta que no ejerce control alguno sobre dichos portales o sitios web, ni es responsable del contenido de los mismos.<br \/>Los links que esta web pudiera contener se ofrecer\u00e1n, \u00fanicamente, a modo de referencias informativas, cuya finalidad es facilitar el acceso a otros contenidos que se consideran de inter\u00e9s.<\/p>\n<p>3.2. MASPAPEL no asume ning\u00fan tipo de responsabilidad directa ni indirecta en relaci\u00f3n con la licitud, veracidad, utilidad, calidad o fiabilidad de los contenidos que no est\u00e9n directamente gestionados o controlados por \u00e9stos, aunque puedan<br \/>ser accesibles a trav\u00e9s de la Web.<\/p>\n<p style=\"text-align: justify;\"><strong>4. PROPIEDAD INTELECTUAL E INDUSTRIAL.<\/strong><\/p>\n<p style=\"text-align: justify;\">4.1. MASPAPEL se reserva los derechos de propiedad Intelectual de la Web en cuanto a aquellos elementos que conforman la apariencia visual, imagen gr\u00e1fica y otros est\u00edmulos sensoriales de las p\u00e1ginas web que conforman la Web; la arquitectura<br \/>de navegaci\u00f3n; los c\u00f3digos fuente de las p\u00e1ginas web; fotograf\u00edas, grabaciones, programas de ordenador (en lo sucesivo, el \u201cSoftware\u201d), base de datos, tecnolog\u00eda, know-how, marcas, signos distintivos y logos.<\/p>\n<p>4.2. Los contenidos propios y las obras reproducidas en esta web propiedad de MASPAPEL est\u00e1n protegido por la normativa sobre propiedad intelectual. Queda prohibida su reproducci\u00f3n total o parcial excepto en los supuestos y con los l\u00edmites<br \/>que expresamente se autoricen.<\/p>\n<p>As\u00ed, el uso de todos los contenidos propios de la web est\u00e1 sujeto a las siguientes condiciones:<\/p>\n<p>Los usuarios est\u00e1n expresamente autorizados a ver la informaci\u00f3n y elementos que contiene, y a descargarla o reproducirla privadamente en sus sistemas inform\u00e1ticos, salvo cuando expresamente se indique otra cosa<\/p>\n<p>Los usuarios que accedan a esta web no est\u00e1n autorizados a ceder, distribuir o difundir por ning\u00fan medio, ni en todo ni en parte, elementos propiedad de MASPAPEL contenidos en esta p\u00e1gina web, ni a enviarlos por correo electr\u00f3nico<br \/>con fines distintos a los autorizados, ni a modificarlos o alterarlos en modo alguno. En ning\u00fan caso podr\u00e1 ser cedida o transmitida a terceros la informaci\u00f3n y elementos bajados o copiados de esta web, ni instalada en ning\u00fan servidor que haga<br \/>posible el acceso de terceros a los contenidos propiedad de MASPAPEL, ni a trav\u00e9s de la web ni de otros medios.<\/p>\n<p>MASPAPEL pondr\u00e1 los medios materiales y legales necesarios para evitar la inclusi\u00f3n no deseada en esta p\u00e1gina web de elementos que pudieran ser introducidos en ella por terceros ajenos a MASPAPEL en contra de este aviso<br \/>legal y sus usos autorizados.<\/p>\n<p>MASPAPEL podr\u00e1 negar el acceso a esta p\u00e1gina a cualquier usuario que introduzca en la misma contenidos no autorizados, ilegales o susceptibles de serlo, y se reserva el derecho a ejercitar adem\u00e1s en ese caso las acciones legales pertinentes,<br \/>incluida su retirada previa, a posteriori o su moderaci\u00f3n y\/o edici\u00f3n. MASPAPEL cooperar\u00e1 en todo caso con las autoridades en identificar a quienes pudieran introducir o intentar introducir tales contenidos;<\/p>\n<p>MASPAPEL responde \u00fanica y exclusivamente del contenido de esta web que tenga su origen en el mismo MASPAPEL, y en ning\u00fan caso de contenidos que pudieran haber sido introducidos por terceros no autorizados.<\/p>\n<p style=\"text-align: justify;\">MASPAPEL se reserva el ejercicio exclusivo de los derechos de explotaci\u00f3n de su propiedad intelectual sobre esta p\u00e1gina web, en cualquiera de sus formas, y en especial los derechos de reproducci\u00f3n, distribuci\u00f3n, comunicaci\u00f3n p\u00fablica<br \/>y transformaci\u00f3n, sin perjuicio de los derechos que puedan corresponder a los autores de las obras que se reproduzcan en esta p\u00e1gina.<\/p>\n<p>4.3. Respecto a las citas de productos y\/o servicios de terceros, MASPAPEL reconoce a favor de sus titulares los correspondientes derechos de propiedad industrial e intelectual, no implicando su sola menci\u00f3n o aparici\u00f3n en la Web la existencia<br \/>de derechos ni de responsabilidad alguna sobre los mismos, como tampoco respaldo, patrocinio o recomendaci\u00f3n, a no ser que expresamente as\u00ed se especifique.<\/p>\n<p style=\"text-align: justify;\">4.4. El Usuario reconoce y acepta que en la Web, los derechos se encuentran protegidos por la legislaci\u00f3n aplicable en materia de propiedad intelectual, industrial, derechos de explotaci\u00f3n del valor comercial y publicitario de la imagen y otros derechos<br \/>an\u00e1logos.<\/p>\n<p>4.5. La utilizaci\u00f3n no autorizada de la informaci\u00f3n contenida en este sitio web, as\u00ed como la lesi\u00f3n de los derechos de Propiedad Intelectual o Industrial de MASPAPEL, dar\u00e1 lugar a las responsabilidades legalmente establecidas.<\/p>\n<p>4.6. Corresponde a MASPAPEL el ejercicio exclusivo de los derechos de explotaci\u00f3n de los mismos en cualquier forma y, en especial, los derechos de reproducci\u00f3n, distribuci\u00f3n, comunicaci\u00f3n p\u00fablica (en cualquiera de sus modalidades) y transformaci\u00f3n<br \/>de aquellos contenidos que sean de su propiedad.<\/p>\n<p style=\"text-align: justify;\"><strong>5. LIMITACI\u00d3N DE RESPONSABILIDAD<\/strong><\/p>\n<p>5.1. MASPAPEL no asume responsabilidad alguna derivada de la conexi\u00f3n o contenidos de los enlaces de terceros o\/y realizados por terceros a los que se hace referencia en la Web.<\/p>\n<p>5.2. Tanto el acceso a esta Web como el uso que pueda hacerse de la informaci\u00f3n contenida en el mismo es de la exclusiva responsabilidad de quien lo realiza. El usuario ser\u00e1 responsable de todas las acciones que realice en la navegaci\u00f3n que hiciere<br \/>en el mismo. En el supuesto de que en el futuro se implementaran funcionalidades que requiriesen la identificaci\u00f3n de los usuario, \u00e9stos ser\u00e1n responsables de escoger, como clave y como recordatorio de la misma, contrase\u00f1as y frases robustas, esto<br \/>es, cifras y letras e incluso, en los sistemas que lo permitan, signos de puntuaci\u00f3n y caracteres especiales, dif\u00edciles de adivinar. En especial, el usuario evitar\u00e1 escoger palabras del diccionario, palabras que est\u00e9n relacionadas con \u00e9l mismo (nombre<br \/>de familiar, domicilio, fecha de nacimiento, etc.) o sencillas de adivinar (combinaciones de nombres con meses, prefijos y sufijos, etc.). MASPAPEL no responder\u00e1 de ninguna consecuencia, da\u00f1o o perjuicio que pudieran derivarse de dicho<br \/>acceso o uso de la informaci\u00f3n.<\/p>\n<p style=\"text-align: justify;\">5.3. MASPAPEL no se hace responsable de los posibles errores de seguridad que se puedan producir ni de los posibles da\u00f1os que puedan causarse al sistema inform\u00e1tico del usuario (hardware y software), los ficheros o documentos almacenados<br \/>en el mismo, como consecuencia de la presencia de virus en el ordenador del usuario utilizado para la conexi\u00f3n a los contenidos de la Web, de un mal funcionamiento del navegador o del uso de versiones no actualizadas del mismo. ABOGADOS DE HARO<br \/>C.B. no garantiza la inexistencia de errores en el acceso a este Web, en su contenido, ni que \u00e9ste se encuentre actualizado, aunque desarrollar\u00e1 sus mejores esfuerzos para, en su caso, evitarlos, subsanarlos o actualizarlos.<\/p>\n<p style=\"text-align: justify;\">5.4. MASPAPEL no se hace responsable de los da\u00f1os y\/o perjuicios de cualquier naturaleza que pudiera sufrir el usuario o un tercero derivados de: (i) la falta de disponibilidad, mantenimiento o efectivo funcionamiento de la Web o de sus<br \/>contenidos; (ii) de la falta de utilidad, veracidad, adecuaci\u00f3n o validez de la Web o de sus contenidos para satisfacer las necesidades o expectativas del usuario; (iii) de que un tercero, quebrantando las medidas de seguridad establecidas, utilice<br \/>la Web, sus contenidos para la remisi\u00f3n de virus, o acceda a realizar un tratamiento no autorizado de los datos almacenados; (iv) ni, en general, de cualquier uso de la Web y o contenidos que pudiera realizar el usuario o un tercero, en contra de<br \/>las condiciones de acceso y uso de los mismos aqu\u00ed establecidas.<\/p>\n<p style=\"text-align: justify;\"><strong>6. LEGISLACI\u00d3N APLICABLE Y TRIBUNALES COMPETENTES<\/strong><\/p>\n<p>La legislaci\u00f3n aplicable es la espa\u00f1ola y se declara jurisdicci\u00f3n competente para la resoluci\u00f3n de cualquier tipo de controversia que se pudiera derivar de la utilizaci\u00f3n de esta Web as\u00ed como de la contrataci\u00f3n que se pudiera realizar a trav\u00e9s de<br \/>ella a los Juzgado y Tribunales de Asturias.<\/p>\n<p>He le\u00eddo y acepto el aviso legal y la pol\u00edtica de privacidad<\/p>\n<p>[\/et_pb_text][\/et_pb_column][\/et_pb_row][\/et_pb_section]<\/p>\n","protected":false},"excerpt":{"rendered":"<p>AVISO LEGAL Le damos la bienvenida a la p\u00e1gina web de MASPAPEL Mediante el presente aviso y en cumplimiento con el deber de informaci\u00f3n recogido en el art\u00edculo 10 de la Ley 34\/2002, de Servicios de la Sociedad de la Informaci\u00f3n y Comercio Electr\u00f3nico(LSSICE) se informa a continuaci\u00f3n de su pol\u00edtica de privacidad y de [&hellip;]<\/p>\n","protected":false},"author":1,"featured_media":0,"parent":0,"menu_order":0,"comment_status":"closed","ping_status":"closed","template":"","meta":{"_et_pb_use_builder":"on","_et_pb_old_content":"<!-- wp:divi\/placeholder \/-->","_et_gb_content_width":"","_joinchat":[],"footnotes":""},"class_list":["post-16","page","type-page","status-publish","hentry"],"_links":{"self":[{"href":"https:\/\/maspapelpiedras.com\/index.php\/wp-json\/wp\/v2\/pages\/16","targetHints":{"allow":["GET"]}}],"collection":[{"href":"https:\/\/maspapelpiedras.com\/index.php\/wp-json\/wp\/v2\/pages"}],"about":[{"href":"https:\/\/maspapelpiedras.com\/index.php\/wp-json\/wp\/v2\/types\/page"}],"author":[{"embeddable":true,"href":"https:\/\/maspapelpiedras.com\/index.php\/wp-json\/wp\/v2\/users\/1"}],"replies":[{"embeddable":true,"href":"https:\/\/maspapelpiedras.com\/index.php\/wp-json\/wp\/v2\/comments?post=16"}],"version-history":[{"count":5,"href":"https:\/\/maspapelpiedras.com\/index.php\/wp-json\/wp\/v2\/pages\/16\/revisions"}],"predecessor-version":[{"id":3095,"href":"https:\/\/maspapelpiedras.com\/index.php\/wp-json\/wp\/v2\/pages\/16\/revisions\/3095"}],"wp:attachment":[{"href":"https:\/\/maspapelpiedras.com\/index.php\/wp-json\/wp\/v2\/media?parent=16"}],"curies":[{"name":"wp","href":"https:\/\/api.w.org\/{rel}","templated":true}]}}