{"id":10,"date":"2022-01-31T13:05:13","date_gmt":"2022-01-31T13:05:13","guid":{"rendered":"https:\/\/maspapelpiedras.com\/?page_id=10"},"modified":"2022-03-14T16:18:00","modified_gmt":"2022-03-14T16:18:00","slug":"servicios","status":"publish","type":"page","link":"https:\/\/maspapelpiedras.com\/index.php\/servicios\/","title":{"rendered":"Servicios"},"content":{"rendered":"<p>[et_pb_section fb_built=\u00bb1&#8243; fullwidth=\u00bbon\u00bb admin_label=\u00bbHeader Section\u00bb _builder_version=\u00bb3.22&#8243; background_color=\u00bb#000000&#8243; custom_padding=\u00bb|||\u00bb locked=\u00bboff\u00bb global_colors_info=\u00bb{}\u00bb][et_pb_fullwidth_header title=\u00bbservicios\u00bb text_orientation=\u00bbcenter\u00bb background_overlay_color=\u00bbrgba(0,0,0,0.4)\u00bb content_max_width_last_edited=\u00bboff|desktop\u00bb admin_label=\u00bbContents\u00bb _builder_version=\u00bb4.14.7&#8243; title_font=\u00bbCursive_standard||||||||\u00bb title_text_align=\u00bbcenter\u00bb title_font_size=\u00bb107px\u00bb title_letter_spacing=\u00bb0.05em\u00bb title_line_height=\u00bb1.5em\u00bb subhead_font=\u00bbNunito|600|||||||\u00bb subhead_font_size=\u00bb20px\u00bb subhead_line_height=\u00bb1.9em\u00bb background_color=\u00bbrgba(255, 255, 255, 0)\u00bb background_image=\u00bbhttps:\/\/maspapelpiedras.com\/wp-content\/uploads\/2022\/02\/serv-scaled-e1644591219671.jpg\u00bb parallax=\u00bbon\u00bb parallax_method=\u00bbon\u00bb custom_button_one=\u00bbon\u00bb button_one_text_size=\u00bb15px\u00bb button_one_bg_color=\u00bb#dca57d\u00bb button_one_border_width=\u00bb10px\u00bb button_one_border_color=\u00bb#dca57d\u00bb button_one_border_radius=\u00bb0px\u00bb button_one_letter_spacing=\u00bb3px\u00bb button_one_font=\u00bbOswald|||on|\u00bb button_one_use_icon=\u00bboff\u00bb custom_margin=\u00bb|||\u00bb custom_padding=\u00bb3.1%||3.1%|||\u00bb animation_style=\u00bbfade\u00bb animation_starting_opacity=\u00bb50%\u00bb animation_speed_curve=\u00bbease-in\u00bb title_font_size_tablet=\u00bb60px\u00bb title_font_size_phone=\u00bb40px\u00bb title_font_size_last_edited=\u00bbon|phone\u00bb button_one_border_color_hover=\u00bb#c99872&#8243; button_one_border_radius_hover=\u00bb0px\u00bb button_one_letter_spacing_hover=\u00bb3px\u00bb button_one_bg_color_hover=\u00bb#c99872&#8243; global_colors_info=\u00bb{}\u00bb button_one_text_size__hover_enabled=\u00bboff\u00bb button_two_text_size__hover_enabled=\u00bboff\u00bb button_one_text_color__hover_enabled=\u00bboff\u00bb button_two_text_color__hover_enabled=\u00bboff\u00bb button_one_border_width__hover_enabled=\u00bboff\u00bb button_two_border_width__hover_enabled=\u00bboff\u00bb button_one_border_color__hover_enabled=\u00bbon\u00bb button_one_border_color__hover=\u00bb#c99872&#8243; button_two_border_color__hover_enabled=\u00bboff\u00bb button_one_border_radius__hover_enabled=\u00bbon\u00bb button_one_border_radius__hover=\u00bb0px\u00bb button_two_border_radius__hover_enabled=\u00bboff\u00bb button_one_letter_spacing__hover_enabled=\u00bbon\u00bb button_one_letter_spacing__hover=\u00bb3px\u00bb button_two_letter_spacing__hover_enabled=\u00bboff\u00bb button_one_bg_color__hover_enabled=\u00bbon\u00bb button_one_bg_color__hover=\u00bb#c99872&#8243; button_two_bg_color__hover_enabled=\u00bboff\u00bb][\/et_pb_fullwidth_header][\/et_pb_section][et_pb_section fb_built=\u00bb1&#8243; _builder_version=\u00bb3.22&#8243; background_color=\u00bb#f8fbfe\u00bb custom_padding=\u00bb||7px|||\u00bb global_colors_info=\u00bb{}\u00bb][et_pb_row column_structure=\u00bb1_2,1_2&#8243; admin_label=\u00bbRight Sided Image\u00bb _builder_version=\u00bb3.25&#8243; custom_padding=\u00bb21px|0px|21px|0px|true|\u00bb global_colors_info=\u00bb{}\u00bb][et_pb_column type=\u00bb1_2&#8243; _builder_version=\u00bb3.25&#8243; custom_padding=\u00bb|||\u00bb global_colors_info=\u00bb{}\u00bb custom_padding__hover=\u00bb|||\u00bb][et_pb_text _builder_version=\u00bb4.14.7&#8243; text_font=\u00bbNunito Sans||||||||\u00bb text_text_color=\u00bb#000000&#8243; text_font_size=\u00bb18px\u00bb text_line_height=\u00bb1.8em\u00bb header_font=\u00bb||||||||\u00bb header_text_align=\u00bbleft\u00bb header_text_color=\u00bb#535b7c\u00bb header_font_size=\u00bb32px\u00bb header_line_height=\u00bb1.4em\u00bb header_2_font=\u00bbNunito Sans|700|||||||\u00bb header_2_text_color=\u00bb#000000&#8243; header_2_font_size=\u00bb35px\u00bb header_2_line_height=\u00bb1.3em\u00bb max_width=\u00bb700px\u00bb module_alignment=\u00bbcenter\u00bb custom_margin=\u00bb25px|||||\u00bb global_colors_info=\u00bb{}\u00bb]<\/p>\n<h2>ARTES GR\u00c1FICAS<\/h2>\n<p>&nbsp;<\/p>\n<ul class=\"mb-0\">\n<li>Trabajos de imprenta<\/li>\n<li>Impresi\u00f3n textil<\/li>\n<li>Banderas<\/li>\n<li>Carteler\u00eda<\/li>\n<li>Invitaciones de boda<\/li>\n<li>Publicidad<\/li>\n<li>Tarjetas de visita<\/li>\n<li>Talonarios<\/li>\n<li>Calendarios<\/li>\n<li>Sellos<\/li>\n<li>Recordatorios de comuni\u00f3n<\/li>\n<\/ul>\n<p>[\/et_pb_text][\/et_pb_column][et_pb_column type=\u00bb1_2&#8243; _builder_version=\u00bb3.25&#8243; custom_padding=\u00bb|||\u00bb global_colors_info=\u00bb{}\u00bb custom_padding__hover=\u00bb|||\u00bb][et_pb_image src=\u00bbhttps:\/\/maspapelpiedras.com\/wp-content\/uploads\/2022\/02\/880daafd2504b89e06e6d341d9689ed5-1.png\u00bb title_text=\u00bb880daafd2504b89e06e6d341d9689ed5&#8243; align_tablet=\u00bbcenter\u00bb align_phone=\u00bbcenter\u00bb align_last_edited=\u00bbon|desktop\u00bb _builder_version=\u00bb4.14.7&#8243; custom_margin=\u00bb11px|||||\u00bb animation_style=\u00bbzoom\u00bb animation_direction=\u00bbleft\u00bb animation_intensity_zoom=\u00bb5%\u00bb border_radii=\u00bbon|10px|10px|10px|10px\u00bb border_width_all=\u00bb1px\u00bb border_color_all=\u00bbrgba(51,51,51,0.1)\u00bb box_shadow_style=\u00bbpreset1&#8243; box_shadow_vertical=\u00bb10px\u00bb box_shadow_blur=\u00bb30px\u00bb box_shadow_color=\u00bbrgba(34,56,101,0.09)\u00bb global_colors_info=\u00bb{}\u00bb][\/et_pb_image][\/et_pb_column][\/et_pb_row][et_pb_row column_structure=\u00bb1_2,1_2&#8243; admin_label=\u00bbLeft Sided Image\u00bb _builder_version=\u00bb3.25&#8243; custom_margin=\u00bb30px|auto|31px|auto||\u00bb custom_padding=\u00bb40px|0px|26px|0px||\u00bb global_colors_info=\u00bb{}\u00bb][et_pb_column type=\u00bb1_2&#8243; _builder_version=\u00bb3.25&#8243; custom_padding=\u00bb|||\u00bb global_colors_info=\u00bb{}\u00bb custom_padding__hover=\u00bb|||\u00bb][et_pb_image src=\u00bbhttps:\/\/maspapelpiedras.com\/wp-content\/uploads\/2022\/02\/d0728a20e7c0b021bcefdaff671032b9.png\u00bb title_text=\u00bbd0728a20e7c0b021bcefdaff671032b9&#8243; align_tablet=\u00bbcenter\u00bb align_phone=\u00bbcenter\u00bb align_last_edited=\u00bbon|desktop\u00bb _builder_version=\u00bb4.14.7&#8243; animation_style=\u00bbzoom\u00bb animation_direction=\u00bbright\u00bb animation_intensity_zoom=\u00bb5%\u00bb border_radii=\u00bbon|10px|10px|10px|10px\u00bb border_width_all=\u00bb1px\u00bb border_color_all=\u00bbrgba(51,51,51,0.1)\u00bb box_shadow_style=\u00bbpreset1&#8243; box_shadow_vertical=\u00bb10px\u00bb box_shadow_blur=\u00bb30px\u00bb box_shadow_color=\u00bbrgba(34,56,101,0.09)\u00bb global_colors_info=\u00bb{}\u00bb][\/et_pb_image][\/et_pb_column][et_pb_column type=\u00bb1_2&#8243; _builder_version=\u00bb3.25&#8243; custom_padding=\u00bb|||\u00bb global_colors_info=\u00bb{}\u00bb custom_padding__hover=\u00bb|||\u00bb][et_pb_text _builder_version=\u00bb4.14.7&#8243; text_font=\u00bbNunito Sans||||||||\u00bb text_text_color=\u00bb#000000&#8243; text_font_size=\u00bb18px\u00bb text_line_height=\u00bb1.8em\u00bb header_font=\u00bb||||||||\u00bb header_text_align=\u00bbleft\u00bb header_text_color=\u00bb#535b7c\u00bb header_font_size=\u00bb45px\u00bb header_line_height=\u00bb1.4em\u00bb header_2_font=\u00bbNunito Sans|700|||||||\u00bb header_2_text_color=\u00bb#000000&#8243; header_2_font_size=\u00bb35px\u00bb header_2_line_height=\u00bb1.3em\u00bb max_width=\u00bb700px\u00bb module_alignment=\u00bbcenter\u00bb min_height=\u00bb179px\u00bb custom_margin=\u00bb|||66px||\u00bb custom_padding=\u00bb23px|||123px||\u00bb global_colors_info=\u00bb{}\u00bb]<\/p>\n<h2>COPISTER\u00cdA<\/h2>\n<p>&nbsp;<\/p>\n<ul class=\"mb-0\">\n<li>Ecuadernado<\/li>\n<li>Digitalizaci\u00f3n de documentos<\/li>\n<li>Ploteados<\/li>\n<li>Fotocopias<\/li>\n<li>Trabajos de imprenta<\/li>\n<\/ul>\n<p>[\/et_pb_text][\/et_pb_column][\/et_pb_row][et_pb_row column_structure=\u00bb1_2,1_2&#8243; admin_label=\u00bbLeft Sided Image\u00bb _builder_version=\u00bb4.14.7&#8243; custom_margin=\u00bb30px|auto|31px|auto||\u00bb custom_padding=\u00bb40px|0px|26px|0px||\u00bb global_colors_info=\u00bb{}\u00bb][et_pb_column type=\u00bb1_2&#8243; _builder_version=\u00bb3.25&#8243; custom_padding=\u00bb|||\u00bb global_colors_info=\u00bb{}\u00bb custom_padding__hover=\u00bb|||\u00bb][et_pb_text _builder_version=\u00bb4.14.7&#8243; text_font=\u00bbNunito Sans||||||||\u00bb text_text_color=\u00bb#000000&#8243; text_font_size=\u00bb18px\u00bb text_line_height=\u00bb1.8em\u00bb header_font=\u00bb||||||||\u00bb header_text_align=\u00bbleft\u00bb header_text_color=\u00bb#535b7c\u00bb header_font_size=\u00bb45px\u00bb header_line_height=\u00bb1.4em\u00bb header_2_font=\u00bbNunito Sans|700|||||||\u00bb header_2_text_color=\u00bb#000000&#8243; header_2_font_size=\u00bb35px\u00bb header_2_line_height=\u00bb1.3em\u00bb max_width=\u00bb700px\u00bb module_alignment=\u00bbcenter\u00bb min_height=\u00bb179px\u00bb custom_margin=\u00bb|||66px||\u00bb custom_padding=\u00bb66px|||123px||\u00bb global_colors_info=\u00bb{}\u00bb]<\/p>\n<h2>PAPELER\u00cdA<\/h2>\n<p>&nbsp;<\/p>\n<ul class=\"mb-0\">\n<li>Material de oficina<\/li>\n<li>Material escolar<\/li>\n<li>Cartuchos de toner<\/li>\n<li>Libros de texto<\/li>\n<li>Servicio a domicilio<\/li>\n<\/ul>\n<p>[\/et_pb_text][\/et_pb_column][et_pb_column type=\u00bb1_2&#8243; _builder_version=\u00bb3.25&#8243; custom_padding=\u00bb|||\u00bb global_colors_info=\u00bb{}\u00bb custom_padding__hover=\u00bb|||\u00bb][et_pb_image src=\u00bbhttps:\/\/maspapelpiedras.com\/wp-content\/uploads\/2022\/02\/562d20ff7680f261fda3dc48b6422543.jpg\u00bb title_text=\u00bb562d20ff7680f261fda3dc48b6422543&#8243; align_tablet=\u00bbcenter\u00bb align_phone=\u00bbcenter\u00bb align_last_edited=\u00bbon|desktop\u00bb _builder_version=\u00bb4.14.7&#8243; animation_style=\u00bbzoom\u00bb animation_direction=\u00bbright\u00bb animation_intensity_zoom=\u00bb5%\u00bb border_radii=\u00bbon|10px|10px|10px|10px\u00bb border_width_all=\u00bb1px\u00bb border_color_all=\u00bbrgba(51,51,51,0.1)\u00bb box_shadow_style=\u00bbpreset1&#8243; box_shadow_vertical=\u00bb10px\u00bb box_shadow_blur=\u00bb30px\u00bb box_shadow_color=\u00bbrgba(34,56,101,0.09)\u00bb global_colors_info=\u00bb{}\u00bb][\/et_pb_image][\/et_pb_column][\/et_pb_row][et_pb_row column_structure=\u00bb1_2,1_2&#8243; admin_label=\u00bbLeft Sided Image\u00bb _builder_version=\u00bb4.14.7&#8243; custom_margin=\u00bb30px|auto|31px|auto||\u00bb custom_padding=\u00bb40px|0px|26px|0px||\u00bb global_colors_info=\u00bb{}\u00bb][et_pb_column type=\u00bb1_2&#8243; _builder_version=\u00bb3.25&#8243; custom_padding=\u00bb|||\u00bb global_colors_info=\u00bb{}\u00bb custom_padding__hover=\u00bb|||\u00bb][et_pb_image src=\u00bbhttps:\/\/maspapelpiedras.com\/wp-content\/uploads\/2022\/02\/665e451f757b62a60f265bf3ea490a11.jpg\u00bb title_text=\u00bb665e451f757b62a60f265bf3ea490a11&#8243; align_tablet=\u00bbcenter\u00bb align_phone=\u00bbcenter\u00bb align_last_edited=\u00bbon|desktop\u00bb _builder_version=\u00bb4.14.7&#8243; animation_style=\u00bbzoom\u00bb animation_direction=\u00bbright\u00bb animation_intensity_zoom=\u00bb5%\u00bb border_radii=\u00bbon|10px|10px|10px|10px\u00bb border_width_all=\u00bb1px\u00bb border_color_all=\u00bbrgba(51,51,51,0.1)\u00bb box_shadow_style=\u00bbpreset1&#8243; box_shadow_vertical=\u00bb10px\u00bb box_shadow_blur=\u00bb30px\u00bb box_shadow_color=\u00bbrgba(34,56,101,0.09)\u00bb global_colors_info=\u00bb{}\u00bb][\/et_pb_image][\/et_pb_column][et_pb_column type=\u00bb1_2&#8243; _builder_version=\u00bb3.25&#8243; custom_padding=\u00bb|||\u00bb global_colors_info=\u00bb{}\u00bb custom_padding__hover=\u00bb|||\u00bb][et_pb_text _builder_version=\u00bb4.14.7&#8243; text_font=\u00bbNunito Sans||||||||\u00bb text_text_color=\u00bb#000000&#8243; text_font_size=\u00bb18px\u00bb text_line_height=\u00bb1.8em\u00bb header_font=\u00bb||||||||\u00bb header_text_align=\u00bbleft\u00bb header_text_color=\u00bb#535b7c\u00bb header_font_size=\u00bb45px\u00bb header_line_height=\u00bb1.4em\u00bb header_2_font=\u00bbNunito Sans|700|||||||\u00bb header_2_text_color=\u00bb#000000&#8243; header_2_font_size=\u00bb35px\u00bb header_2_line_height=\u00bb1.3em\u00bb max_width=\u00bb700px\u00bb module_alignment=\u00bbcenter\u00bb min_height=\u00bb179px\u00bb custom_margin=\u00bb|||66px||\u00bb custom_padding=\u00bb23px||23px|123px|true|\u00bb global_colors_info=\u00bb{}\u00bb]<\/p>\n<h2>ROTULACI\u00d3N<\/h2>\n<p>&nbsp;<\/p>\n<ul class=\"mb-0\">\n<li>Vinilos<\/li>\n<li>Veh\u00edculos<\/li>\n<li>Locales<\/li>\n<li>Decoraci\u00f3n<\/li>\n<li>Lonas<\/li>\n<li>Soportes r\u00edgidos<\/li>\n<li>Lienzos<\/li>\n<li>Fotomurales<\/li>\n<li>Impresi\u00f3n gran formato<\/li>\n<li>Ropa laboral, deportiva, personalizada, etc&#8230;<\/li>\n<\/ul>\n<p>[\/et_pb_text][\/et_pb_column][\/et_pb_row][\/et_pb_section]<\/p>\n","protected":false},"excerpt":{"rendered":"<p>ARTES GR\u00c1FICAS &nbsp; Trabajos de imprenta Impresi\u00f3n textil Banderas Carteler\u00eda Invitaciones de boda Publicidad Tarjetas de visita Talonarios Calendarios Sellos Recordatorios de comuni\u00f3n COPISTER\u00cdA &nbsp; Ecuadernado Digitalizaci\u00f3n de documentos Ploteados Fotocopias Trabajos de imprenta PAPELER\u00cdA &nbsp; Material de oficina Material escolar Cartuchos de toner Libros de texto Servicio a domicilio ROTULACI\u00d3N &nbsp; Vinilos Veh\u00edculos Locales [&hellip;]<\/p>\n","protected":false},"author":1,"featured_media":0,"parent":0,"menu_order":0,"comment_status":"closed","ping_status":"closed","template":"","meta":{"_et_pb_use_builder":"on","_et_pb_old_content":"<!-- wp:divi\/placeholder \/-->","_et_gb_content_width":"","_joinchat":[],"footnotes":""},"class_list":["post-10","page","type-page","status-publish","hentry"],"_links":{"self":[{"href":"https:\/\/maspapelpiedras.com\/index.php\/wp-json\/wp\/v2\/pages\/10","targetHints":{"allow":["GET"]}}],"collection":[{"href":"https:\/\/maspapelpiedras.com\/index.php\/wp-json\/wp\/v2\/pages"}],"about":[{"href":"https:\/\/maspapelpiedras.com\/index.php\/wp-json\/wp\/v2\/types\/page"}],"author":[{"embeddable":true,"href":"https:\/\/maspapelpiedras.com\/index.php\/wp-json\/wp\/v2\/users\/1"}],"replies":[{"embeddable":true,"href":"https:\/\/maspapelpiedras.com\/index.php\/wp-json\/wp\/v2\/comments?post=10"}],"version-history":[{"count":17,"href":"https:\/\/maspapelpiedras.com\/index.php\/wp-json\/wp\/v2\/pages\/10\/revisions"}],"predecessor-version":[{"id":3078,"href":"https:\/\/maspapelpiedras.com\/index.php\/wp-json\/wp\/v2\/pages\/10\/revisions\/3078"}],"wp:attachment":[{"href":"https:\/\/maspapelpiedras.com\/index.php\/wp-json\/wp\/v2\/media?parent=10"}],"curies":[{"name":"wp","href":"https:\/\/api.w.org\/{rel}","templated":true}]}}